{"id":94,"date":"2014-04-24T12:36:11","date_gmt":"2014-04-24T10:36:11","guid":{"rendered":"http:\/\/emballasjekonvensjonen.wordpress.com\/?page_id=94"},"modified":"2025-02-28T12:33:04","modified_gmt":"2025-02-28T11:33:04","slug":"contact","status":"publish","type":"page","link":"https:\/\/emballasjekonvensjonen.no\/en\/contact\/","title":{"rendered":"Contact"},"content":{"rendered":"<p>Please contact the EK-secretariat with any questions or inquiries:<\/p>\n<p>Ida-Helene Spydevold (head of the secretariat):<br \/>\n<i class=\"fa fa-envelope\"><\/i><a href=\"mailto:ida-helene.spydevold@nofima.no\">ida-helene.spydevold@nofima.no<\/a><\/p>\n<p>Magnhild Seim Gr\u00f8vlen:<br \/>\n<i class=\"fa fa-envelope\"><\/i><a href=\"mailto:magnhild.grovlen@nofima.no\">magnhild.grovlen@nofima.no<\/a><\/p>\n<p>Merete Rus\u00e5s Jensen:<br \/>\n<i class=\"fa fa-envelope\"><\/i><a href=\"mailto:merete.rusas.jensen@nofima.no\">merete.rusas.jensen@nofima.no<\/a><\/p>\n<p>&nbsp;<\/p>\n<p><a href=\"https:\/\/nofima.no\/\">Nofima AS<\/a><br \/>\nOsloveien 1, 1430 \u00c5s<br \/>\nNorway<\/p>\n","protected":false},"excerpt":{"rendered":"<p>Please contact the EK-secretariat with any questions or inquiries: Ida-Helene Spydevold (head of the secretariat): ida-helene.spydevold@nofima.no Magnhild Seim Gr\u00f8vlen: magnhild.grovlen@nofima.no Merete Rus\u00e5s Jensen: merete.rusas.jensen@nofima.no &nbsp; Nofima AS Osloveien 1, 1430 \u00c5s Norway<\/p>\n","protected":false},"author":1,"featured_media":0,"parent":0,"menu_order":14,"comment_status":"closed","ping_status":"closed","template":"","meta":{"_acf_changed":false,"footnotes":""},"class_list":["post-94","page","type-page","status-publish","hentry"],"acf":[],"_links":{"self":[{"href":"https:\/\/emballasjekonvensjonen.no\/en\/wp-json\/wp\/v2\/pages\/94","targetHints":{"allow":["GET"]}}],"collection":[{"href":"https:\/\/emballasjekonvensjonen.no\/en\/wp-json\/wp\/v2\/pages"}],"about":[{"href":"https:\/\/emballasjekonvensjonen.no\/en\/wp-json\/wp\/v2\/types\/page"}],"author":[{"embeddable":true,"href":"https:\/\/emballasjekonvensjonen.no\/en\/wp-json\/wp\/v2\/users\/1"}],"replies":[{"embeddable":true,"href":"https:\/\/emballasjekonvensjonen.no\/en\/wp-json\/wp\/v2\/comments?post=94"}],"version-history":[{"count":7,"href":"https:\/\/emballasjekonvensjonen.no\/en\/wp-json\/wp\/v2\/pages\/94\/revisions"}],"predecessor-version":[{"id":531,"href":"https:\/\/emballasjekonvensjonen.no\/en\/wp-json\/wp\/v2\/pages\/94\/revisions\/531"}],"wp:attachment":[{"href":"https:\/\/emballasjekonvensjonen.no\/en\/wp-json\/wp\/v2\/media?parent=94"}],"curies":[{"name":"wp","href":"https:\/\/api.w.org\/{rel}","templated":true}]}}